{"id":10351,"date":"2022-07-22T14:29:43","date_gmt":"2022-07-22T12:29:43","guid":{"rendered":"https:\/\/www.hotel-annelies.at\/gutscheine\/"},"modified":"2023-05-05T11:40:01","modified_gmt":"2023-05-05T09:40:01","slug":"vouchers","status":"publish","type":"page","link":"https:\/\/www.hotel-annelies.at\/en\/vouchers\/","title":{"rendered":"Vouchers"},"content":{"rendered":"\n<style type=\"text\/css\" data-created_by=\"avia_inline_auto\" id=\"style-css-av-l7g3hawz-c52c33192fd947ef097c6525c6f27059\">\n.avia-section.av-l7g3hawz-c52c33192fd947ef097c6525c6f27059{\nbackground-repeat:no-repeat;\nbackground-image:url(https:\/\/www.hotel-annelies.at\/wp-content\/uploads\/2022\/07\/gutschein-03.jpg);\nbackground-position:50% 50%;\nbackground-attachment:scroll;\n}\n<\/style>\n<div id='av_section_1'  class='avia-section av-l7g3hawz-c52c33192fd947ef097c6525c6f27059 main_color avia-section-default avia-no-shadow  avia-builder-el-0  el_before_av_slideshow_full  avia-builder-el-first  av-small-hide av-mini-hide avia-full-stretch avia-bg-style-scroll av-minimum-height av-minimum-height-custom av-height-custom  container_wrap fullsize'  data-section-bg-repeat='stretch' data-av_minimum_height_px='550'><div class='container av-section-cont-open' style='height:550px'><main  role=\"main\" itemprop=\"mainContentOfPage\"  class='template-page content  av-content-full alpha units'><div class='post-entry post-entry-type-page post-entry-10351'><div class='entry-content-wrapper clearfix'>\n<\/div><\/div><\/main><!-- close content main element --><\/div><\/div><div id='full_slider_1'  class='avia-fullwidth-slider main_color avia-shadow av-desktop-hide av-medium-hide  avia-builder-el-1  el_after_av_section  el_before_av_heading   slider-not-first container_wrap fullsize'  ><div  class='avia-slideshow av-l7g3hk7l-ecd9d128db0f7958bb99499feb1a8abd avia-slideshow-featured av_slideshow_full avia-fade-slider av-desktop-hide av-medium-hide av-slideshow-ui av-control-hidden av-no-slider-navigation av-hide-nav-arrows av-slideshow-autoplay av-loop-endless av-loop-manual-endless av-default-height-applied   avia-slideshow-1' data-slideshow-options=\"{&quot;animation&quot;:&quot;fade&quot;,&quot;autoplay&quot;:true,&quot;loop_autoplay&quot;:&quot;endless&quot;,&quot;interval&quot;:4,&quot;loop_manual&quot;:&quot;manual-endless&quot;,&quot;autoplay_stopper&quot;:false,&quot;noNavigation&quot;:true,&quot;bg_slider&quot;:false,&quot;keep_padding&quot;:false,&quot;hoverpause&quot;:false,&quot;show_slide_delay&quot;:0}\"  itemprop=\"image\" itemscope=\"itemscope\" itemtype=\"https:\/\/schema.org\/ImageObject\" ><ul class='avia-slideshow-inner ' style='padding-bottom: 28.666666666667%;'><li  class='avia-slideshow-slide av-l7g3hk7l-ecd9d128db0f7958bb99499feb1a8abd__0  av-single-slide slide-1 slide-odd'><div data-rel='slideshow-1' class='avia-slide-wrap '   ><img decoding=\"async\" fetchpriority=\"high\" class=\"wp-image-8566 avia-img-lazy-loading-not-8566\"  src=\"https:\/\/www.hotel-annelies.at\/wp-content\/uploads\/2022\/07\/gutschein-03-1500x430.jpg\" width=\"1500\" height=\"430\" title='gutschein-03' alt=''  itemprop=\"thumbnailUrl\"   \/><\/div><\/li><\/ul><\/div><\/div><div id='after_full_slider_1'  class='main_color av_default_container_wrap container_wrap fullsize'  ><div class='container av-section-cont-open' ><div class='template-page content  av-content-full alpha units'><div class='post-entry post-entry-type-page post-entry-10351'><div class='entry-content-wrapper clearfix'>\n\n<style type=\"text\/css\" data-created_by=\"avia_inline_auto\" id=\"style-css-av-l7g3i73u-9b7d3122d97f10e4464b54bd2adb0b4a\">\n#top .av-special-heading.av-l7g3i73u-9b7d3122d97f10e4464b54bd2adb0b4a{\npadding-bottom:10px;\n}\nbody .av-special-heading.av-l7g3i73u-9b7d3122d97f10e4464b54bd2adb0b4a .av-special-heading-tag .heading-char{\nfont-size:25px;\n}\n.av-special-heading.av-l7g3i73u-9b7d3122d97f10e4464b54bd2adb0b4a .av-subheading{\nfont-size:15px;\n}\n<\/style>\n<div  class='av-special-heading av-l7g3i73u-9b7d3122d97f10e4464b54bd2adb0b4a av-special-heading-h1 blockquote modern-quote modern-centered  avia-builder-el-2  el_after_av_slideshow_full  el_before_av_hr  avia-builder-el-first '><h1 class='av-special-heading-tag '  itemprop=\"headline\"  >The voucher that warms the heart<\/h1><div class=\"special-heading-border\"><div class=\"special-heading-inner-border\"><\/div><\/div><\/div>\n\n<style type=\"text\/css\" data-created_by=\"avia_inline_auto\" id=\"style-css-av-4448zy-7137bebbd392f8705cfeda3d1816e6c2\">\n#top .hr.av-4448zy-7137bebbd392f8705cfeda3d1816e6c2{\nmargin-top:10px;\nmargin-bottom:20px;\n}\n.hr.av-4448zy-7137bebbd392f8705cfeda3d1816e6c2 .hr-inner{\nwidth:320px;\nborder-color:#bdc75c;\nmax-width:45%;\n}\n.hr.av-4448zy-7137bebbd392f8705cfeda3d1816e6c2 .av-seperator-icon{\ncolor:#bdc75c;\n}\n.hr.av-4448zy-7137bebbd392f8705cfeda3d1816e6c2 .av-seperator-icon.avia-svg-icon svg:first-child{\nfill:#bdc75c;\nstroke:#bdc75c;\n}\n<\/style>\n<div  class='hr av-4448zy-7137bebbd392f8705cfeda3d1816e6c2 hr-custom  avia-builder-el-3  el_after_av_heading  el_before_av_one_full  hr-center hr-icon-yes'><span class='hr-inner inner-border-av-border-fat'><span class=\"hr-inner-style\"><\/span><\/span><span class='av-seperator-icon avia-iconfont avia-font-entypo-fontello' data-av_icon='\ue807' data-av_iconfont='entypo-fontello' ><\/span><span class='hr-inner inner-border-av-border-fat'><span class=\"hr-inner-style\"><\/span><\/span><\/div>\n<div  class='flex_column av-2ui8ce-057a6d46c73e4f7da9362ff97b5c9461 av_one_full  avia-builder-el-4  el_after_av_hr  el_before_av_one_half  first flex_column_div  '     ><section  class='av_textblock_section av-l7g3iuij-827085d803e712c86295ba85cfcf6399 '   itemscope=\"itemscope\" itemtype=\"https:\/\/schema.org\/CreativeWork\" ><div class='avia_textblock'  itemprop=\"text\" ><p id=\"ext-gen502\" style=\"text-align: center;\">und die Seele verw\u00f6hnt.<br id=\"ext-gen505\" \/>Wir haben f\u00fcr Sie das Annelies Genussb\u00fccherl zum Verschenken oder selbst verw\u00f6hnen vorbereitet.<\/p>\n<p id=\"ext-gen508\" style=\"text-align: center;\">So lassen sich Herzen w\u00e4rmen und Augen zum Strahlen bringen!<\/p>\n<p style=\"text-align: center;\"><strong id=\"ext-gen510\">Wir freuen uns auf Ihren Anruf oder Ihre Online-Bestellung.\u00a0<\/strong><\/p>\n<\/div><\/section><\/div>\n\n<style type=\"text\/css\" data-created_by=\"avia_inline_auto\" id=\"style-css-av-la84lan3-50b68fd6c8fb67e22b4d47cbc52fbe5a\">\n@keyframes av_boxShadowEffect_av-la84lan3-50b68fd6c8fb67e22b4d47cbc52fbe5a-column {\n0%   { box-shadow:  0 0 0 0 #545454; opacity: 1; }\n100% { box-shadow:  0 0 10px 0 #545454; opacity: 1; }\n}\n.flex_column.av-la84lan3-50b68fd6c8fb67e22b4d47cbc52fbe5a{\nbox-shadow: 0 0 10px 0 #545454;\nborder-radius:12px 12px 12px 12px;\npadding:20px 20px 20px 20px;\n}\n<\/style>\n<div  class='flex_column av-la84lan3-50b68fd6c8fb67e22b4d47cbc52fbe5a av_one_half  avia-builder-el-6  el_after_av_one_full  el_before_av_one_half  first flex_column_div shadow-not-animated  column-top-margin'     ><p>\n<style type=\"text\/css\" data-created_by=\"avia_inline_auto\" id=\"style-css-av-la84wj4u-a98708df4144f76ff1ba6faf96dff796\">\n#top .av-special-heading.av-la84wj4u-a98708df4144f76ff1ba6faf96dff796{\npadding-bottom:10px;\n}\nbody .av-special-heading.av-la84wj4u-a98708df4144f76ff1ba6faf96dff796 .av-special-heading-tag .heading-char{\nfont-size:25px;\n}\n.av-special-heading.av-la84wj4u-a98708df4144f76ff1ba6faf96dff796 .av-subheading{\nfont-size:15px;\n}\n<\/style>\n<div  class='av-special-heading av-la84wj4u-a98708df4144f76ff1ba6faf96dff796 av-special-heading-h2 blockquote modern-quote modern-centered  avia-builder-el-7  el_before_av_hr  avia-builder-el-first '><h2 class='av-special-heading-tag '  itemprop=\"headline\"  >Order Voucher of Hotel Annelies<\/h2><div class=\"special-heading-border\"><div class=\"special-heading-inner-border\"><\/div><\/div><\/div><br \/>\n\n<style type=\"text\/css\" data-created_by=\"avia_inline_auto\" id=\"style-css-av-3wt1ou-0ab5abb87dcc79b2d9c5de8da1f9b6bb\">\n#top .hr.av-3wt1ou-0ab5abb87dcc79b2d9c5de8da1f9b6bb{\nmargin-top:10px;\nmargin-bottom:20px;\n}\n.hr.av-3wt1ou-0ab5abb87dcc79b2d9c5de8da1f9b6bb .hr-inner{\nwidth:320px;\nborder-color:#bdc75c;\nmax-width:45%;\n}\n.hr.av-3wt1ou-0ab5abb87dcc79b2d9c5de8da1f9b6bb .av-seperator-icon{\ncolor:#bdc75c;\n}\n.hr.av-3wt1ou-0ab5abb87dcc79b2d9c5de8da1f9b6bb .av-seperator-icon.avia-svg-icon svg:first-child{\nfill:#bdc75c;\nstroke:#bdc75c;\n}\n<\/style>\n<div  class='hr av-3wt1ou-0ab5abb87dcc79b2d9c5de8da1f9b6bb hr-custom  avia-builder-el-8  el_after_av_heading  el_before_av_codeblock  hr-center hr-icon-yes'><span class='hr-inner inner-border-av-border-fat'><span class=\"hr-inner-style\"><\/span><\/span><span class='av-seperator-icon avia-iconfont avia-font-entypo-fontello' data-av_icon='\ue807' data-av_iconfont='entypo-fontello' ><\/span><span class='hr-inner inner-border-av-border-fat'><span class=\"hr-inner-style\"><\/span><\/span><\/div><br \/>\n<br \/>\n<section  class='av_textblock_section av-la88e9oo-a2314925587ee45dd7fd9719b6b946d9 '   itemscope=\"itemscope\" itemtype=\"https:\/\/schema.org\/CreativeWork\" ><div class='avia_textblock'  itemprop=\"text\" ><p>Die mit * gekennzeichneten Felder sind Pflichtfelder. Nach Absenden des Kontaktformulars erfolgt eine Verarbeitung der oben angef\u00fchrten Daten durch den datenschutzrechtlich Verantwortlichen (HOTEL ANNELIES ****, Leiten 214 8972 Ramsau am Dachstein), zum Zweck der Bearbeitung Ihres Gutscheinkaufes auf Grundlage Ihrer durch das Absenden des Formulars erteilten Einwilligung. Es erfolgt eine Weiterverarbeitung der Daten zum Zweck der postalischen Direktwerbung, welche mit dem urspr\u00fcnglichen Verarbeitungszweck vereinbar ist, auf derselben Rechtsgrundlage bis auf Widerspruch. Es besteht keine gesetzliche oder vertragliche Verpflichtung zur Bereitstellung der personenbezogenen Daten. Die Nichtbereitstellung hat lediglich zur Folge, dass Sie Ihr Anliegen nicht \u00fcbermitteln und wir dieses nicht bearbeiten k\u00f6nnen. Ihre Daten werden nicht an Dritte weitergegeben<\/p>\n<\/div><\/section><br \/>\n\n<style type=\"text\/css\" data-created_by=\"avia_inline_auto\" id=\"style-css-av-8oj4e-53fa6d69fbae6d9c61ac568c1797a6ff\">\n#top .hr.av-8oj4e-53fa6d69fbae6d9c61ac568c1797a6ff{\nmargin-top:10px;\nmargin-bottom:20px;\n}\n.hr.av-8oj4e-53fa6d69fbae6d9c61ac568c1797a6ff .hr-inner{\nwidth:320px;\nborder-color:#bdc75c;\nmax-width:45%;\n}\n.hr.av-8oj4e-53fa6d69fbae6d9c61ac568c1797a6ff .av-seperator-icon{\ncolor:#bdc75c;\n}\n.hr.av-8oj4e-53fa6d69fbae6d9c61ac568c1797a6ff .av-seperator-icon.avia-svg-icon svg:first-child{\nfill:#bdc75c;\nstroke:#bdc75c;\n}\n<\/style>\n<div  class='hr av-8oj4e-53fa6d69fbae6d9c61ac568c1797a6ff hr-custom  avia-builder-el-11  el_after_av_textblock  avia-builder-el-last  hr-center hr-icon-yes'><span class='hr-inner inner-border-av-border-fat'><span class=\"hr-inner-style\"><\/span><\/span><span class='av-seperator-icon avia-iconfont avia-font-entypo-fontello' data-av_icon='\ue807' data-av_iconfont='entypo-fontello' ><\/span><span class='hr-inner inner-border-av-border-fat'><span class=\"hr-inner-style\"><\/span><\/span><\/div><\/p><\/div><div  class='flex_column av-2k8afy-652d0330d8b1515cd8ee6a515c6dabf8 av_one_half  avia-builder-el-12  el_after_av_one_half  avia-builder-el-last  flex_column_div  column-top-margin'     ><style type=\"text\/css\" data-created_by=\"avia_inline_auto\" id=\"style-css-av-la84vp1w-a869a020c6b5b9df0b12323fde5229a2\">\n.avia-image-container.av-la84vp1w-a869a020c6b5b9df0b12323fde5229a2 img.avia_image{\nbox-shadow:none;\n}\n.avia-image-container.av-la84vp1w-a869a020c6b5b9df0b12323fde5229a2 .av-image-caption-overlay-center{\ncolor:#ffffff;\n}\n<\/style>\n<div  class='avia-image-container av-la84vp1w-a869a020c6b5b9df0b12323fde5229a2 av-styling- avia-align-center  avia-builder-el-13  avia-builder-el-no-sibling '   itemprop=\"image\" itemscope=\"itemscope\" itemtype=\"https:\/\/schema.org\/ImageObject\" ><div class=\"avia-image-container-inner\"><div class=\"avia-image-overlay-wrap\"><img decoding=\"async\" fetchpriority=\"high\" class='wp-image-9145 avia-img-lazy-loading-not-9145 avia_image ' src=\"https:\/\/www.hotel-annelies.at\/wp-content\/uploads\/2022\/11\/winter.jpg\" alt='' title='winter'  height=\"835\" width=\"800\"  itemprop=\"thumbnailUrl\" srcset=\"https:\/\/www.hotel-annelies.at\/wp-content\/uploads\/2022\/11\/winter.jpg 800w, https:\/\/www.hotel-annelies.at\/wp-content\/uploads\/2022\/11\/winter-287x300.jpg 287w, https:\/\/www.hotel-annelies.at\/wp-content\/uploads\/2022\/11\/winter-768x802.jpg 768w, https:\/\/www.hotel-annelies.at\/wp-content\/uploads\/2022\/11\/winter-675x705.jpg 675w\" sizes=\"(max-width: 800px) 100vw, 800px\" \/><\/div><\/div><\/div><\/div><\/p>\n","protected":false},"excerpt":{"rendered":"","protected":false},"author":2,"featured_media":0,"parent":0,"menu_order":0,"comment_status":"closed","ping_status":"closed","template":"","meta":{"footnotes":""},"class_list":["post-10351","page","type-page","status-publish","hentry"],"yoast_head":"<!-- This site is optimized with the Yoast SEO plugin v27.5 - https:\/\/yoast.com\/product\/yoast-seo-wordpress\/ -->\n<title>Vouchers - Hotel Annelies in Ramsau am Dachstein<\/title>\n<meta name=\"description\" content=\"Seine Liebsten mit einem Hotel Annelies Gutschein in Ramsau verw\u00f6hnen. Wir freuen uns auf Ihren Anruf oder Ihre Online-Bestellung.\" \/>\n<meta name=\"robots\" content=\"index, follow, max-snippet:-1, max-image-preview:large, max-video-preview:-1\" \/>\n<link rel=\"canonical\" href=\"https:\/\/www.hotel-annelies.at\/en\/vouchers\/\" \/>\n<meta property=\"og:locale\" content=\"en_US\" \/>\n<meta property=\"og:type\" content=\"article\" \/>\n<meta property=\"og:title\" content=\"Vouchers - Hotel Annelies in Ramsau am Dachstein\" \/>\n<meta property=\"og:description\" content=\"Seine Liebsten mit einem Hotel Annelies Gutschein in Ramsau verw\u00f6hnen. Wir freuen uns auf Ihren Anruf oder Ihre Online-Bestellung.\" \/>\n<meta property=\"og:url\" content=\"https:\/\/www.hotel-annelies.at\/en\/vouchers\/\" \/>\n<meta property=\"og:site_name\" content=\"Hotel Annelies in Ramsau am Dachstein\" \/>\n<meta property=\"article:publisher\" content=\"https:\/\/www.facebook.com\/hotelannelies\" \/>\n<meta property=\"article:modified_time\" content=\"2023-05-05T09:40:01+00:00\" \/>\n<meta property=\"og:image\" content=\"https:\/\/www.hotel-annelies.at\/wp-content\/uploads\/2022\/09\/f1.jpg\" \/>\n\t<meta property=\"og:image:width\" content=\"2000\" \/>\n\t<meta property=\"og:image:height\" content=\"718\" \/>\n\t<meta property=\"og:image:type\" content=\"image\/jpeg\" \/>\n<meta name=\"twitter:card\" content=\"summary_large_image\" \/>\n<meta name=\"twitter:label1\" content=\"Est. reading time\" \/>\n\t<meta name=\"twitter:data1\" content=\"4 minutes\" \/>\n<script type=\"application\/ld+json\" class=\"yoast-schema-graph\">{\"@context\":\"https:\\\/\\\/schema.org\",\"@graph\":[{\"@type\":\"WebPage\",\"@id\":\"https:\\\/\\\/www.hotel-annelies.at\\\/en\\\/vouchers\\\/\",\"url\":\"https:\\\/\\\/www.hotel-annelies.at\\\/en\\\/vouchers\\\/\",\"name\":\"Vouchers - Hotel Annelies in Ramsau am Dachstein\",\"isPartOf\":{\"@id\":\"https:\\\/\\\/www.hotel-annelies.at\\\/en\\\/#website\"},\"datePublished\":\"2022-07-22T12:29:43+00:00\",\"dateModified\":\"2023-05-05T09:40:01+00:00\",\"description\":\"Seine Liebsten mit einem Hotel Annelies Gutschein in Ramsau verw\u00f6hnen. Wir freuen uns auf Ihren Anruf oder Ihre Online-Bestellung.\",\"breadcrumb\":{\"@id\":\"https:\\\/\\\/www.hotel-annelies.at\\\/en\\\/vouchers\\\/#breadcrumb\"},\"inLanguage\":\"en-US\",\"potentialAction\":[{\"@type\":\"ReadAction\",\"target\":[\"https:\\\/\\\/www.hotel-annelies.at\\\/en\\\/vouchers\\\/\"]}]},{\"@type\":\"BreadcrumbList\",\"@id\":\"https:\\\/\\\/www.hotel-annelies.at\\\/en\\\/vouchers\\\/#breadcrumb\",\"itemListElement\":[{\"@type\":\"ListItem\",\"position\":1,\"name\":\"Startseite\",\"item\":\"https:\\\/\\\/www.hotel-annelies.at\\\/en\\\/welcome\\\/\"},{\"@type\":\"ListItem\",\"position\":2,\"name\":\"Vouchers\"}]},{\"@type\":\"WebSite\",\"@id\":\"https:\\\/\\\/www.hotel-annelies.at\\\/en\\\/#website\",\"url\":\"https:\\\/\\\/www.hotel-annelies.at\\\/en\\\/\",\"name\":\"Hotel Annelies in Ramsau am Dachstein\",\"description\":\"Hotel Annelies\",\"publisher\":{\"@id\":\"https:\\\/\\\/www.hotel-annelies.at\\\/en\\\/#organization\"},\"potentialAction\":[{\"@type\":\"SearchAction\",\"target\":{\"@type\":\"EntryPoint\",\"urlTemplate\":\"https:\\\/\\\/www.hotel-annelies.at\\\/en\\\/?s={search_term_string}\"},\"query-input\":{\"@type\":\"PropertyValueSpecification\",\"valueRequired\":true,\"valueName\":\"search_term_string\"}}],\"inLanguage\":\"en-US\"},{\"@type\":\"Organization\",\"@id\":\"https:\\\/\\\/www.hotel-annelies.at\\\/en\\\/#organization\",\"name\":\"Hotel Annelies in Ramsau am Dachstein\",\"url\":\"https:\\\/\\\/www.hotel-annelies.at\\\/en\\\/\",\"logo\":{\"@type\":\"ImageObject\",\"inLanguage\":\"en-US\",\"@id\":\"https:\\\/\\\/www.hotel-annelies.at\\\/en\\\/#\\\/schema\\\/logo\\\/image\\\/\",\"url\":\"https:\\\/\\\/www.hotel-annelies.at\\\/wp-content\\\/uploads\\\/2022\\\/07\\\/cropped-logo_annelies_tiktok.png\",\"contentUrl\":\"https:\\\/\\\/www.hotel-annelies.at\\\/wp-content\\\/uploads\\\/2022\\\/07\\\/cropped-logo_annelies_tiktok.png\",\"width\":512,\"height\":512,\"caption\":\"Hotel Annelies in Ramsau am Dachstein\"},\"image\":{\"@id\":\"https:\\\/\\\/www.hotel-annelies.at\\\/en\\\/#\\\/schema\\\/logo\\\/image\\\/\"},\"sameAs\":[\"https:\\\/\\\/www.facebook.com\\\/hotelannelies\"]}]}<\/script>\n<!-- \/ Yoast SEO plugin. -->","yoast_head_json":{"title":"Vouchers - Hotel Annelies in Ramsau am Dachstein","description":"Seine Liebsten mit einem Hotel Annelies Gutschein in Ramsau verw\u00f6hnen. Wir freuen uns auf Ihren Anruf oder Ihre Online-Bestellung.","robots":{"index":"index","follow":"follow","max-snippet":"max-snippet:-1","max-image-preview":"max-image-preview:large","max-video-preview":"max-video-preview:-1"},"canonical":"https:\/\/www.hotel-annelies.at\/en\/vouchers\/","og_locale":"en_US","og_type":"article","og_title":"Vouchers - Hotel Annelies in Ramsau am Dachstein","og_description":"Seine Liebsten mit einem Hotel Annelies Gutschein in Ramsau verw\u00f6hnen. Wir freuen uns auf Ihren Anruf oder Ihre Online-Bestellung.","og_url":"https:\/\/www.hotel-annelies.at\/en\/vouchers\/","og_site_name":"Hotel Annelies in Ramsau am Dachstein","article_publisher":"https:\/\/www.facebook.com\/hotelannelies","article_modified_time":"2023-05-05T09:40:01+00:00","og_image":[{"width":2000,"height":718,"url":"https:\/\/www.hotel-annelies.at\/wp-content\/uploads\/2022\/09\/f1.jpg","type":"image\/jpeg"}],"twitter_card":"summary_large_image","twitter_misc":{"Est. reading time":"4 minutes"},"schema":{"@context":"https:\/\/schema.org","@graph":[{"@type":"WebPage","@id":"https:\/\/www.hotel-annelies.at\/en\/vouchers\/","url":"https:\/\/www.hotel-annelies.at\/en\/vouchers\/","name":"Vouchers - Hotel Annelies in Ramsau am Dachstein","isPartOf":{"@id":"https:\/\/www.hotel-annelies.at\/en\/#website"},"datePublished":"2022-07-22T12:29:43+00:00","dateModified":"2023-05-05T09:40:01+00:00","description":"Seine Liebsten mit einem Hotel Annelies Gutschein in Ramsau verw\u00f6hnen. Wir freuen uns auf Ihren Anruf oder Ihre Online-Bestellung.","breadcrumb":{"@id":"https:\/\/www.hotel-annelies.at\/en\/vouchers\/#breadcrumb"},"inLanguage":"en-US","potentialAction":[{"@type":"ReadAction","target":["https:\/\/www.hotel-annelies.at\/en\/vouchers\/"]}]},{"@type":"BreadcrumbList","@id":"https:\/\/www.hotel-annelies.at\/en\/vouchers\/#breadcrumb","itemListElement":[{"@type":"ListItem","position":1,"name":"Startseite","item":"https:\/\/www.hotel-annelies.at\/en\/welcome\/"},{"@type":"ListItem","position":2,"name":"Vouchers"}]},{"@type":"WebSite","@id":"https:\/\/www.hotel-annelies.at\/en\/#website","url":"https:\/\/www.hotel-annelies.at\/en\/","name":"Hotel Annelies in Ramsau am Dachstein","description":"Hotel Annelies","publisher":{"@id":"https:\/\/www.hotel-annelies.at\/en\/#organization"},"potentialAction":[{"@type":"SearchAction","target":{"@type":"EntryPoint","urlTemplate":"https:\/\/www.hotel-annelies.at\/en\/?s={search_term_string}"},"query-input":{"@type":"PropertyValueSpecification","valueRequired":true,"valueName":"search_term_string"}}],"inLanguage":"en-US"},{"@type":"Organization","@id":"https:\/\/www.hotel-annelies.at\/en\/#organization","name":"Hotel Annelies in Ramsau am Dachstein","url":"https:\/\/www.hotel-annelies.at\/en\/","logo":{"@type":"ImageObject","inLanguage":"en-US","@id":"https:\/\/www.hotel-annelies.at\/en\/#\/schema\/logo\/image\/","url":"https:\/\/www.hotel-annelies.at\/wp-content\/uploads\/2022\/07\/cropped-logo_annelies_tiktok.png","contentUrl":"https:\/\/www.hotel-annelies.at\/wp-content\/uploads\/2022\/07\/cropped-logo_annelies_tiktok.png","width":512,"height":512,"caption":"Hotel Annelies in Ramsau am Dachstein"},"image":{"@id":"https:\/\/www.hotel-annelies.at\/en\/#\/schema\/logo\/image\/"},"sameAs":["https:\/\/www.facebook.com\/hotelannelies"]}]}},"_links":{"self":[{"href":"https:\/\/www.hotel-annelies.at\/en\/wp-json\/wp\/v2\/pages\/10351","targetHints":{"allow":["GET"]}}],"collection":[{"href":"https:\/\/www.hotel-annelies.at\/en\/wp-json\/wp\/v2\/pages"}],"about":[{"href":"https:\/\/www.hotel-annelies.at\/en\/wp-json\/wp\/v2\/types\/page"}],"author":[{"embeddable":true,"href":"https:\/\/www.hotel-annelies.at\/en\/wp-json\/wp\/v2\/users\/2"}],"replies":[{"embeddable":true,"href":"https:\/\/www.hotel-annelies.at\/en\/wp-json\/wp\/v2\/comments?post=10351"}],"version-history":[{"count":7,"href":"https:\/\/www.hotel-annelies.at\/en\/wp-json\/wp\/v2\/pages\/10351\/revisions"}],"predecessor-version":[{"id":10372,"href":"https:\/\/www.hotel-annelies.at\/en\/wp-json\/wp\/v2\/pages\/10351\/revisions\/10372"}],"wp:attachment":[{"href":"https:\/\/www.hotel-annelies.at\/en\/wp-json\/wp\/v2\/media?parent=10351"}],"curies":[{"name":"wp","href":"https:\/\/api.w.org\/{rel}","templated":true}]}}